{"id":122,"date":"2024-02-13T12:56:37","date_gmt":"2024-02-13T11:56:37","guid":{"rendered":"https:\/\/hks-formation.com\/?page_id=122"},"modified":"2025-12-04T20:11:27","modified_gmt":"2025-12-04T19:11:27","slug":"nos-formations","status":"publish","type":"page","link":"https:\/\/hks-formation.com\/index.php\/nos-formations\/","title":{"rendered":"Nos formations"},"content":{"rendered":"<p>[et_pb_section fb_built=&#8221;1&#8243; _builder_version=&#8221;4.24.0&#8243; _module_preset=&#8221;default&#8221; background_color=&#8221;gcid-e487fca4-2a77-4391-a5ca-3f9f0d1100c3&#8243; background_image=&#8221;https:\/\/hks-formation.com\/wp-content\/uploads\/2024\/02\/circle-background-pattern.png&#8221; custom_padding=&#8221;2px|||||&#8221; hover_enabled=&#8221;0&#8243; locked=&#8221;off&#8221; global_colors_info=&#8221;{%22gcid-e487fca4-2a77-4391-a5ca-3f9f0d1100c3%22:%91%22background_color%22%93}&#8221; sticky_enabled=&#8221;0&#8243;][et_pb_row _builder_version=&#8221;4.24.0&#8243; _module_preset=&#8221;default&#8221; positioning=&#8221;none&#8221; position_origin_r=&#8221;top_right&#8221; width=&#8221;100%&#8221; max_width=&#8221;964px&#8221; global_colors_info=&#8221;{}&#8221;][et_pb_column type=&#8221;4_4&#8243; _builder_version=&#8221;4.24.0&#8243; _module_preset=&#8221;default&#8221; global_colors_info=&#8221;{}&#8221;][et_pb_text _builder_version=&#8221;4.24.0&#8243; _module_preset=&#8221;default&#8221; global_colors_info=&#8221;{}&#8221;]<\/p>\n<h1 style=\"text-align: center;\"><em>r\u00e9aliser les op\u00e9rations comptables courantes d&#8217;une TPE<\/em><\/h1>\n<p>[\/et_pb_text][\/et_pb_column][\/et_pb_row][\/et_pb_section][et_pb_section fb_built=&#8221;1&#8243; _builder_version=&#8221;4.24.0&#8243; _module_preset=&#8221;default&#8221; min_height=&#8221;63px&#8221; global_colors_info=&#8221;{}&#8221;][et_pb_row _builder_version=&#8221;4.24.0&#8243; _module_preset=&#8221;default&#8221; min_height=&#8221;67px&#8221; global_colors_info=&#8221;{}&#8221;][et_pb_column type=&#8221;4_4&#8243; _builder_version=&#8221;4.24.0&#8243; _module_preset=&#8221;default&#8221; global_colors_info=&#8221;{}&#8221;][et_pb_button button_url=&#8221;https:\/\/hks-formation.com\/wp-content\/uploads\/2025\/02\/8-Programme-de-formation-Realiser-les-operations-comptables-courantes-dune-TPE.pdf&#8221; button_text=&#8221;T\u00e9l\u00e9chargez la plaquette de formation&#8221; button_alignment=&#8221;center&#8221; _builder_version=&#8221;4.24.0&#8243; _module_preset=&#8221;default&#8221; custom_button=&#8221;on&#8221; button_text_size=&#8221;23px&#8221; button_text_color=&#8221;#FFFFFF&#8221; button_bg_color=&#8221;#E02B20&#8243; button_border_width=&#8221;1px&#8221; button_border_color=&#8221;#E02B20&#8243; button_border_radius=&#8221;8px&#8221; button_icon_color=&#8221;#E02B20&#8243; background_layout=&#8221;dark&#8221; global_colors_info=&#8221;{}&#8221;][\/et_pb_button][et_pb_text _builder_version=&#8221;4.24.0&#8243; _module_preset=&#8221;default&#8221; min_height=&#8221;64px&#8221; custom_padding=&#8221;||0px||false|false&#8221; global_colors_info=&#8221;{}&#8221;]<\/p>\n<h2 style=\"text-align: center;\"><strong>Liste des modules de la formation<\/strong><\/h2>\n<p>[\/et_pb_text][\/et_pb_column][\/et_pb_row][\/et_pb_section][et_pb_section fb_built=&#8221;1&#8243; _builder_version=&#8221;4.24.0&#8243; _module_preset=&#8221;default&#8221; min_height=&#8221;697.5px&#8221; custom_padding=&#8221;5px|||||&#8221; global_colors_info=&#8221;{}&#8221;][et_pb_row _builder_version=&#8221;4.24.0&#8243; _module_preset=&#8221;default&#8221; global_colors_info=&#8221;{}&#8221;][et_pb_column type=&#8221;4_4&#8243; _builder_version=&#8221;4.24.0&#8243; _module_preset=&#8221;default&#8221; global_colors_info=&#8221;{}&#8221;][et_pb_toggle title=&#8221;Organisation comptable efficace et structur\u00e9e&#8221; _builder_version=&#8221;4.24.0&#8243; _module_preset=&#8221;default&#8221; global_colors_info=&#8221;{}&#8221;]<\/p>\n<p>\u2022D\u00e9finir les r\u00f4les et responsabilit\u00e9s comptables.<\/p>\n<p>\u2022Identifier les indicateurs cl\u00e9s de gestion (tableaux de bord, tr\u00e9sorerie, rentabilit\u00e9).<\/p>\n<p>\u2022Analyser : faire seul ou d\u00e9l\u00e9guer les t\u00e2ches comptables ?<\/p>\n<p>[\/et_pb_toggle][et_pb_toggle title=&#8221;\u00c9laborer un plan financier pr\u00e9visionnel pour piloter l\u2019activit\u00e9&#8221; _builder_version=&#8221;4.24.0&#8243; _module_preset=&#8221;default&#8221; global_colors_info=&#8221;{}&#8221;]<\/p>\n<p>\u2022Analyser les recettes et d\u00e9penses.<\/p>\n<p>\u2022\u00c9valuer les besoins en fonds de roulement.<\/p>\n<p>\u2022Construire un pr\u00e9visionnel align\u00e9 sur les objectifs de l\u2019entreprise.<\/p>\n<p>[\/et_pb_toggle][et_pb_toggle title=&#8221;Piloter la gestion comptable au quotidien&#8221; _builder_version=&#8221;4.24.0&#8243; _module_preset=&#8221;default&#8221; global_colors_info=&#8221;{}&#8221;]<\/p>\n<p>\u2022Saisir les op\u00e9rations comptables (clients, fournisseurs, salaires, TVA).<br \/>\u2022Mettre en place des contr\u00f4les (rapprochements bancaires).<br \/>\u2022Assurer la conformit\u00e9 des d\u00e9clarations fiscales.<\/p>\n<p>[\/et_pb_toggle][et_pb_toggle title=&#8221;Mettre en place un suivi des paiements et relances clients&#8221; _builder_version=&#8221;4.24.0&#8243; _module_preset=&#8221;default&#8221; global_colors_info=&#8221;{}&#8221;]<\/p>\n<p><span style=\"vertical-align: inherit;\"><span style=\"vertical-align: inherit;\">\u2022<\/span><\/span><span style=\"vertical-align: inherit;\"><span style=\"vertical-align: inherit;\">Identifier les processus de recouvrement. <\/span><\/span><br \/><span style=\"vertical-align: inherit;\"><span style=\"vertical-align: inherit;\">\u2022<\/span><\/span><span style=\"vertical-align: inherit;\"><span style=\"vertical-align: inherit;\">Mettre en \u0153uvre une strat\u00e9gie de suivi proactif. <\/span><\/span><br \/><span style=\"vertical-align: inherit;\"><span style=\"vertical-align: inherit;\">\u2022<\/span><\/span><span style=\"vertical-align: inherit;\"><span style=\"vertical-align: inherit;\">Appliquer les r\u00e8gles l\u00e9gales li\u00e9es aux paiements clients.<\/span><\/span><\/p>\n<p>[\/et_pb_toggle][et_pb_toggle title=&#8221;Assurer le bon pilotage des stocks et offres de services&#8221; _builder_version=&#8221;4.24.0&#8243; _module_preset=&#8221;default&#8221; global_colors_info=&#8221;{}&#8221;]<\/p>\n<p>\u2022Suivre et anticiper les besoins en stocks.<br \/>\u2022Pr\u00e9venir les ruptures gr\u00e2ce \u00e0 un suivi rigoureux.<br \/>\u2022Optimiser les processus pour r\u00e9duire les co\u00fbts.<\/p>\n<p>[\/et_pb_toggle][et_pb_toggle title=&#8221;Savoir lire les indicateurs de performance et \u00e9tablir le budget&#8221; _builder_version=&#8221;4.24.0&#8243; _module_preset=&#8221;default&#8221; global_colors_info=&#8221;{}&#8221;]<\/p>\n<p style=\"text-align: justify;\"><span style=\"vertical-align: inherit;\"><span style=\"vertical-align: inherit;\"><span style=\"vertical-align: inherit;\"><span style=\"vertical-align: inherit;\"><span style=\"vertical-align: inherit;\"><span style=\"vertical-align: inherit;\">\u2022Lire et comprendre les bilans et comptes de r\u00e9sultat.<\/span><\/span><\/span><\/span><\/span><\/span><\/p>\n<p style=\"text-align: justify;\"><span style=\"vertical-align: inherit;\"><span style=\"vertical-align: inherit;\"><span style=\"vertical-align: inherit;\"><span style=\"vertical-align: inherit;\"><span style=\"vertical-align: inherit;\"><span style=\"vertical-align: inherit;\">\u2022Analyser les indicateurs financiers cl\u00e9s.<\/span><\/span><\/span><\/span><\/span><\/span><\/p>\n<p style=\"text-align: justify;\"><span style=\"vertical-align: inherit;\"><span style=\"vertical-align: inherit;\"><span style=\"vertical-align: inherit;\"><span style=\"vertical-align: inherit;\"><span style=\"vertical-align: inherit;\"><span style=\"vertical-align: inherit;\">\u2022Collaborer avec les parties prenantes (banquiers, experts-comptables).<\/span><\/span><\/span><\/span><\/span><\/span><\/p>\n<p style=\"text-align: justify;\"><span style=\"vertical-align: inherit;\"><span style=\"vertical-align: inherit;\"><span style=\"vertical-align: inherit;\"><span style=\"vertical-align: inherit;\"><span style=\"vertical-align: inherit;\"><span style=\"vertical-align: inherit;\">\u2022Mettre en place un suivi des flux financiers. <\/span><\/span><\/span><\/span><\/span><\/span><\/p>\n<p style=\"text-align: justify;\"><span style=\"vertical-align: inherit;\"><span style=\"vertical-align: inherit;\"><span style=\"vertical-align: inherit;\"><span style=\"vertical-align: inherit;\"><span style=\"vertical-align: inherit;\"><span style=\"vertical-align: inherit;\">\u2022Analyser les \u00e9carts et proposer des actions correctives.<\/span><\/span><\/span><\/span><\/span><\/span><span style=\"vertical-align: inherit;\"><span style=\"vertical-align: inherit;\"><span style=\"vertical-align: inherit;\"><span style=\"vertical-align: inherit;\"> <\/span><\/span><\/span><\/span><br \/><span style=\"vertical-align: inherit;\"><span style=\"vertical-align: inherit;\"><span style=\"vertical-align: inherit;\"><span style=\"vertical-align: inherit;\"><span style=\"vertical-align: inherit;\"><\/span><\/span><\/span><\/span><\/span><\/p>\n<p>[\/et_pb_toggle][\/et_pb_column][\/et_pb_row][\/et_pb_section]<\/p>\n","protected":false},"excerpt":{"rendered":"<p>r\u00e9aliser les op\u00e9rations comptables courantes d&#8217;une TPEListe des modules de la formation\u2022D\u00e9finir les r\u00f4les et responsabilit\u00e9s comptables. \u2022Identifier les indicateurs cl\u00e9s de gestion (tableaux de bord, tr\u00e9sorerie, rentabilit\u00e9). \u2022Analyser : faire seul ou d\u00e9l\u00e9guer les t\u00e2ches comptables ?\u2022Analyser les recettes et d\u00e9penses. \u2022\u00c9valuer les besoins en fonds de roulement. \u2022Construire un pr\u00e9visionnel align\u00e9 sur les [&hellip;]<\/p>\n","protected":false},"author":1,"featured_media":0,"parent":0,"menu_order":0,"comment_status":"closed","ping_status":"closed","template":"","meta":{"_et_pb_use_builder":"on","_et_pb_old_content":"","_et_gb_content_width":"","footnotes":""},"class_list":["post-122","page","type-page","status-publish","hentry"],"_links":{"self":[{"href":"https:\/\/hks-formation.com\/index.php\/wp-json\/wp\/v2\/pages\/122","targetHints":{"allow":["GET"]}}],"collection":[{"href":"https:\/\/hks-formation.com\/index.php\/wp-json\/wp\/v2\/pages"}],"about":[{"href":"https:\/\/hks-formation.com\/index.php\/wp-json\/wp\/v2\/types\/page"}],"author":[{"embeddable":true,"href":"https:\/\/hks-formation.com\/index.php\/wp-json\/wp\/v2\/users\/1"}],"replies":[{"embeddable":true,"href":"https:\/\/hks-formation.com\/index.php\/wp-json\/wp\/v2\/comments?post=122"}],"version-history":[{"count":11,"href":"https:\/\/hks-formation.com\/index.php\/wp-json\/wp\/v2\/pages\/122\/revisions"}],"predecessor-version":[{"id":190,"href":"https:\/\/hks-formation.com\/index.php\/wp-json\/wp\/v2\/pages\/122\/revisions\/190"}],"wp:attachment":[{"href":"https:\/\/hks-formation.com\/index.php\/wp-json\/wp\/v2\/media?parent=122"}],"curies":[{"name":"wp","href":"https:\/\/api.w.org\/{rel}","templated":true}]}}